{"id":4221,"date":"2026-02-13T06:23:58","date_gmt":"2026-02-13T05:23:58","guid":{"rendered":"https:\/\/www.flawlessgroup.org\/?page_id=4221"},"modified":"2026-02-13T16:26:47","modified_gmt":"2026-02-13T15:26:47","slug":"sicherheit-und-versicherung","status":"publish","type":"page","link":"https:\/\/www.flawlessgroup.org\/de\/sicherheit-und-versicherung\/","title":{"rendered":"Sicherheit und Versicherung"},"content":{"rendered":"<div data-elementor-type=\"wp-page\" data-elementor-id=\"4221\" class=\"elementor elementor-4221\" data-elementor-post-type=\"page\">\n\t\t\t\t<div class=\"elementor-element elementor-element-d1c1e0e e-flex e-con-boxed e-con e-parent\" data-id=\"d1c1e0e\" data-element_type=\"container\" data-e-type=\"container\" data-settings=\"{&quot;background_background&quot;:&quot;classic&quot;,&quot;jet_parallax_layout_list&quot;:[]}\">\n\t\t\t\t\t<div class=\"e-con-inner\">\n\t\t<div class=\"elementor-element elementor-element-9a7e3f3 e-con-full e-flex e-con e-child\" data-id=\"9a7e3f3\" data-element_type=\"container\" data-e-type=\"container\" data-settings=\"{&quot;jet_parallax_layout_list&quot;:[]}\">\n\t\t\t\t<div class=\"elementor-element elementor-element-712ced9 elementor-widget elementor-widget-heading\" data-id=\"712ced9\" data-element_type=\"widget\" data-e-type=\"widget\" data-widget_type=\"heading.default\">\n\t\t\t\t<div class=\"elementor-widget-container\">\n\t\t\t\t\t<h1 class=\"elementor-heading-title elementor-size-default\">Hochsicherheit<br>Lagerung und Versicherung<\/h1>\t\t\t\t<\/div>\n\t\t\t\t<\/div>\n\t\t\t\t<\/div>\n\t\t\t\t\t<\/div>\n\t\t\t\t<\/div>\n\t\t<div class=\"elementor-element elementor-element-977f6a3 e-flex e-con-boxed e-con e-parent\" data-id=\"977f6a3\" data-element_type=\"container\" data-e-type=\"container\" data-settings=\"{&quot;jet_parallax_layout_list&quot;:[]}\">\n\t\t\t\t\t<div class=\"e-con-inner\">\n\t\t<div class=\"elementor-element elementor-element-afc7cbf e-con-full e-flex e-con e-child\" data-id=\"afc7cbf\" data-element_type=\"container\" data-e-type=\"container\" data-settings=\"{&quot;jet_parallax_layout_list&quot;:[]}\">\n\t\t\t\t<div class=\"elementor-element elementor-element-7fee9ec elementor-widget elementor-widget-image\" data-id=\"7fee9ec\" data-element_type=\"widget\" data-e-type=\"widget\" data-widget_type=\"image.default\">\n\t\t\t\t<div class=\"elementor-widget-container\">\n\t\t\t\t\t\t\t\t\t\t\t\t\t\t\t<img fetchpriority=\"high\" decoding=\"async\" width=\"768\" height=\"1152\" src=\"https:\/\/www.flawlessgroup.org\/wp-content\/uploads\/2026\/02\/ChatGPT-Image-13-fevr.-2026-08_18_16-768x1152.png\" class=\"attachment-medium_large size-medium_large wp-image-4289\" alt=\"\" srcset=\"https:\/\/www.flawlessgroup.org\/wp-content\/uploads\/2026\/02\/ChatGPT-Image-13-fevr.-2026-08_18_16-768x1152.png 768w, https:\/\/www.flawlessgroup.org\/wp-content\/uploads\/2026\/02\/ChatGPT-Image-13-fevr.-2026-08_18_16-200x300.png 200w, https:\/\/www.flawlessgroup.org\/wp-content\/uploads\/2026\/02\/ChatGPT-Image-13-fevr.-2026-08_18_16-683x1024.png 683w, https:\/\/www.flawlessgroup.org\/wp-content\/uploads\/2026\/02\/ChatGPT-Image-13-fevr.-2026-08_18_16.png 720w\" sizes=\"(max-width: 768px) 100vw, 768px\" \/>\t\t\t\t\t\t\t\t\t\t\t\t\t\t\t<\/div>\n\t\t\t\t<\/div>\n\t\t\t\t<\/div>\n\t\t<div class=\"elementor-element elementor-element-70b75cb e-con-full e-flex e-con e-child\" data-id=\"70b75cb\" data-element_type=\"container\" data-e-type=\"container\" data-settings=\"{&quot;jet_parallax_layout_list&quot;:[]}\">\n\t\t\t\t<div class=\"elementor-element elementor-element-984b0c3 elementor-widget elementor-widget-heading\" data-id=\"984b0c3\" data-element_type=\"widget\" data-e-type=\"widget\" data-widget_type=\"heading.default\">\n\t\t\t\t<div class=\"elementor-widget-container\">\n\t\t\t\t\t<h2 class=\"elementor-heading-title elementor-size-default\">Unabh\u00e4ngig<br> Lagerung in institutioneller Qualit\u00e4t<\/h2>\t\t\t\t<\/div>\n\t\t\t\t<\/div>\n\t\t\t\t<div class=\"elementor-element elementor-element-8153737 elementor-widget__width-initial elementor-widget elementor-widget-text-editor\" data-id=\"8153737\" data-element_type=\"widget\" data-e-type=\"widget\" data-widget_type=\"text-editor.default\">\n\t\t\t\t<div class=\"elementor-widget-container\">\n\t\t\t\t\t\t\t\t\t<p>Alle Edelsteine, die \u00fcber\u00a0<strong>Makellos\u00a0<\/strong>werden absichtlich nicht intern gespeichert. Stattdessen werden sie bei einem spezialisierten, unabh\u00e4ngigen Hochsicherheitsdienstleister in Prag aufbewahrt.<\/p><p>Die Speicherung erfolgt \u00fcber <strong>24SAFE\u00a0<\/strong>in Zusammenarbeit mit\u00a0<strong>Gunnebo<\/strong>, ein weltweit anerkanntes Sicherheitsunternehmen, das 1764 gegr\u00fcndet wurde und das gr\u00f6\u00dfte automatische Tresorfachsystem der Welt entwickelt hat.<\/p><p>Die Einrichtung betreibt zertifizierte Tresorraumsysteme des Typs <strong>GUNNEBO X CD<\/strong>. Diese Anlagen entsprechen der europ\u00e4ischen Norm\u00a0<strong>\u010cSN EN 1143-1:2020<\/strong>\u00a0und sind unterteilt in\u00a0<strong>CD der Sicherheitsklasse X.<\/strong><\/p><p>Diese Klassifizierung stellt eine der h\u00f6chsten mechanischen Widerstandsf\u00e4higkeiten f\u00fcr Gew\u00f6lbe- und Tresorsysteme in Europa dar.<\/p>\t\t\t\t\t\t\t\t<\/div>\n\t\t\t\t<\/div>\n\t\t\t\t<\/div>\n\t\t\t\t\t<\/div>\n\t\t\t\t<\/div>\n\t\t<div class=\"elementor-element elementor-element-a9952b1 e-flex e-con-boxed e-con e-parent\" data-id=\"a9952b1\" data-element_type=\"container\" data-e-type=\"container\" data-settings=\"{&quot;jet_parallax_layout_list&quot;:[],&quot;background_background&quot;:&quot;classic&quot;}\">\n\t\t\t\t\t<div class=\"e-con-inner\">\n\t\t<div class=\"elementor-element elementor-element-06e3a12 e-con-full e-flex e-con e-child\" data-id=\"06e3a12\" data-element_type=\"container\" data-e-type=\"container\" data-settings=\"{&quot;jet_parallax_layout_list&quot;:[]}\">\n\t\t\t\t<div class=\"elementor-element elementor-element-bc5b753 elementor-widget elementor-widget-heading\" data-id=\"bc5b753\" data-element_type=\"widget\" data-e-type=\"widget\" data-widget_type=\"heading.default\">\n\t\t\t\t<div class=\"elementor-widget-container\">\n\t\t\t\t\t<h2 class=\"elementor-heading-title elementor-size-default\">Institutionelle<br>Rahmen f\u00fcr Sicherheit und Versicherung<\/h2>\t\t\t\t<\/div>\n\t\t\t\t<\/div>\n\t\t\t\t<div class=\"elementor-element elementor-element-54a73af elementor-widget__width-initial elementor-widget elementor-widget-text-editor\" data-id=\"54a73af\" data-element_type=\"widget\" data-e-type=\"widget\" data-widget_type=\"text-editor.default\">\n\t\t\t\t<div class=\"elementor-widget-container\">\n\t\t\t\t\t\t\t\t\t<p>Unser Verwahrungsmodell kombiniert eine unabh\u00e4ngige Lagerung durch Dritte, eine zertifizierte Tresorraum-Infrastruktur und einen international gezeichneten Versicherungsschutz.<\/p><p>Diese strukturierte Architektur gew\u00e4hrleistet die Trennung von Verm\u00f6genswerten, die Anpassung an gesetzliche Vorschriften und einen umfassenden Risikoschutz, der auf den langfristigen Erhalt des Verm\u00f6gens ausgerichtet ist.<\/p>\t\t\t\t\t\t\t\t<\/div>\n\t\t\t\t<\/div>\n\t\t\t\t<\/div>\n\t\t<div class=\"elementor-element elementor-element-0b6b0ad e-con-full e-flex e-con e-child\" data-id=\"0b6b0ad\" data-element_type=\"container\" data-e-type=\"container\" data-settings=\"{&quot;jet_parallax_layout_list&quot;:[],&quot;background_background&quot;:&quot;classic&quot;}\">\n\t\t\t\t<div class=\"elementor-element elementor-element-0bde372 elementor-widget elementor-widget-n-accordion\" data-id=\"0bde372\" data-element_type=\"widget\" data-e-type=\"widget\" data-settings=\"{&quot;default_state&quot;:&quot;expanded&quot;,&quot;max_items_expended&quot;:&quot;one&quot;,&quot;n_accordion_animation_duration&quot;:{&quot;unit&quot;:&quot;ms&quot;,&quot;size&quot;:400,&quot;sizes&quot;:[]}}\" data-widget_type=\"nested-accordion.default\">\n\t\t\t\t<div class=\"elementor-widget-container\">\n\t\t\t\t\t\t\t<div class=\"e-n-accordion\" aria-label=\"Akkordeon. \u00d6ffnen Sie Links mit Enter oder Space, schlie\u00dfen Sie sie mit Escape und navigieren Sie mit den Pfeiltasten.\">\n\t\t\t\t\t\t<details id=\"e-n-accordion-item-1240\" class=\"e-n-accordion-item\" open>\n\t\t\t\t<summary class=\"e-n-accordion-item-title\" data-accordion-index=\"1\" tabindex=\"0\" aria-expanded=\"true\" aria-controls=\"e-n-accordion-item-1240\" >\n\t\t\t\t\t<span class='e-n-accordion-item-title-header'><div class=\"e-n-accordion-item-title-text\"> Strukturelle Vorteile f\u00fcr Kunden und Vermittler <\/div><\/span>\n\t\t\t\t\t\t\t<span class='e-n-accordion-item-title-icon'>\n\t\t\t<span class='e-opened' ><i aria-hidden=\"true\" class=\"fas fa-chevron-up\"><\/i><\/span>\n\t\t\t<span class='e-closed'><i aria-hidden=\"true\" class=\"fas fa-chevron-down\"><\/i><\/span>\n\t\t<\/span>\n\n\t\t\t\t\t\t<\/summary>\n\t\t\t\t<div role=\"region\" aria-labelledby=\"e-n-accordion-item-1240\" class=\"elementor-element elementor-element-42f6117 e-con-full e-flex e-con e-child\" data-id=\"42f6117\" data-element_type=\"container\" data-e-type=\"container\" data-settings=\"{&quot;jet_parallax_layout_list&quot;:[]}\">\n\t\t\t\t<div class=\"elementor-element elementor-element-4fa04dc elementor-widget elementor-widget-text-editor\" data-id=\"4fa04dc\" data-element_type=\"widget\" data-e-type=\"widget\" data-widget_type=\"text-editor.default\">\n\t\t\t\t<div class=\"elementor-widget-container\">\n\t\t\t\t\t\t\t\t\t<ul><li>Lagerung bei einem unabh\u00e4ngigen Spezialisten<\/li><li>Architektonisch getrennte Tresorr\u00e4ume<\/li><li>Zertifizierte Tresor- und T\u00fcrsysteme<\/li><li>Architektur mit kontrolliertem Zugang<\/li><li>Diskretion au\u00dferhalb der traditionellen Bankregistraturen<\/li><\/ul><p>Die Entscheidung, au\u00dferhalb der konventionellen Bankeninfrastruktur zu lagern, ist eine bewusste Entscheidung. Sie st\u00e4rkt die strukturelle Unabh\u00e4ngigkeit, den Ermessensspielraum und die operative Flexibilit\u00e4t.<\/p>\t\t\t\t\t\t\t\t<\/div>\n\t\t\t\t<\/div>\n\t\t\t\t<\/div>\n\t\t\t\t\t<\/details>\n\t\t\t\t\t\t<details id=\"e-n-accordion-item-1241\" class=\"e-n-accordion-item\" >\n\t\t\t\t<summary class=\"e-n-accordion-item-title\" data-accordion-index=\"2\" tabindex=\"-1\" aria-expanded=\"false\" aria-controls=\"e-n-accordion-item-1241\" >\n\t\t\t\t\t<span class='e-n-accordion-item-title-header'><div class=\"e-n-accordion-item-title-text\"> Versicherungsschutz durch Lloyd's of London <\/div><\/span>\n\t\t\t\t\t\t\t<span class='e-n-accordion-item-title-icon'>\n\t\t\t<span class='e-opened' ><i aria-hidden=\"true\" class=\"fas fa-chevron-up\"><\/i><\/span>\n\t\t\t<span class='e-closed'><i aria-hidden=\"true\" class=\"fas fa-chevron-down\"><\/i><\/span>\n\t\t<\/span>\n\n\t\t\t\t\t\t<\/summary>\n\t\t\t\t<div role=\"region\" aria-labelledby=\"e-n-accordion-item-1241\" class=\"elementor-element elementor-element-5fd3fe7 e-con-full e-flex e-con e-child\" data-id=\"5fd3fe7\" data-element_type=\"container\" data-e-type=\"container\" data-settings=\"{&quot;jet_parallax_layout_list&quot;:[]}\">\n\t\t\t\t<div class=\"elementor-element elementor-element-40c9762 elementor-widget elementor-widget-text-editor\" data-id=\"40c9762\" data-element_type=\"widget\" data-e-type=\"widget\" data-widget_type=\"text-editor.default\">\n\t\t\t\t<div class=\"elementor-widget-container\">\n\t\t\t\t\t\t\t\t\t<p>Neben der physischen Hochsicherheitslagerung besteht eine umfassende Versicherungsstruktur \u00fcber Lloyd's Insurance Company S.A. (Lloyd's of London).<\/p><ul><li><strong>Nummer der Police:\u00a0<\/strong>B1375NS0103223<\/li><li><strong>Art der Versicherung:\u00a0<\/strong>Tresorfachversicherung (Bankiershaftpflicht)<\/li><li><strong>Versicherungsgrenze:\u00a0<\/strong>1.000.000.000 CZK<\/li><\/ul><p>Dar\u00fcber hinaus best\u00e4tigt Lloyd's eine j\u00e4hrliche Entsch\u00e4digungsgrenze von bis zu 2.000.000.000 CZK f\u00fcr beide Tresore zusammen.<\/p>\t\t\t\t\t\t\t\t<\/div>\n\t\t\t\t<\/div>\n\t\t\t\t<\/div>\n\t\t\t\t\t<\/details>\n\t\t\t\t\t\t<details id=\"e-n-accordion-item-1242\" class=\"e-n-accordion-item\" >\n\t\t\t\t<summary class=\"e-n-accordion-item-title\" data-accordion-index=\"3\" tabindex=\"-1\" aria-expanded=\"false\" aria-controls=\"e-n-accordion-item-1242\" >\n\t\t\t\t\t<span class='e-n-accordion-item-title-header'><div class=\"e-n-accordion-item-title-text\"> Zu den abgedeckten Risiken geh\u00f6ren <\/div><\/span>\n\t\t\t\t\t\t\t<span class='e-n-accordion-item-title-icon'>\n\t\t\t<span class='e-opened' ><i aria-hidden=\"true\" class=\"fas fa-chevron-up\"><\/i><\/span>\n\t\t\t<span class='e-closed'><i aria-hidden=\"true\" class=\"fas fa-chevron-down\"><\/i><\/span>\n\t\t<\/span>\n\n\t\t\t\t\t\t<\/summary>\n\t\t\t\t<div role=\"region\" aria-labelledby=\"e-n-accordion-item-1242\" class=\"elementor-element elementor-element-aa08b89 e-con-full e-flex e-con e-child\" data-id=\"aa08b89\" data-element_type=\"container\" data-e-type=\"container\" data-settings=\"{&quot;jet_parallax_layout_list&quot;:[]}\">\n\t\t\t\t<div class=\"elementor-element elementor-element-351c2a4 elementor-widget elementor-widget-text-editor\" data-id=\"351c2a4\" data-element_type=\"widget\" data-e-type=\"widget\" data-widget_type=\"text-editor.default\">\n\t\t\t\t<div class=\"elementor-widget-container\">\n\t\t\t\t\t\t\t\t\t<ul><li>Feuer, Explosion, Blitzschlag<\/li><li>\u00dcberschwemmungen und Naturkatastrophen<\/li><li>Erdbeben und Bodenbewegungen<\/li><li>Einbruchdiebstahl und Raub\u00fcberfall<\/li><li>Vandalismus<\/li><li>Wassersch\u00e4den und Auswirkungen der Schneelast<\/li><li>\u00dcberspannung und zus\u00e4tzlich versicherte Risiken, wie in der Police definiert<\/li><\/ul><p>Lloyd's Insurance Company S.A. wird von der belgischen Nationalbank reguliert und ist Teil der Lloyd's of London-Struktur.<\/p>\t\t\t\t\t\t\t\t<\/div>\n\t\t\t\t<\/div>\n\t\t\t\t<\/div>\n\t\t\t\t\t<\/details>\n\t\t\t\t\t\t<details id=\"e-n-accordion-item-1243\" class=\"e-n-accordion-item\" >\n\t\t\t\t<summary class=\"e-n-accordion-item-title\" data-accordion-index=\"4\" tabindex=\"-1\" aria-expanded=\"false\" aria-controls=\"e-n-accordion-item-1243\" >\n\t\t\t\t\t<span class='e-n-accordion-item-title-header'><div class=\"e-n-accordion-item-title-text\"> Die l\u00fcckenlose Sicherheitsarchitektur <\/div><\/span>\n\t\t\t\t\t\t\t<span class='e-n-accordion-item-title-icon'>\n\t\t\t<span class='e-opened' ><i aria-hidden=\"true\" class=\"fas fa-chevron-up\"><\/i><\/span>\n\t\t\t<span class='e-closed'><i aria-hidden=\"true\" class=\"fas fa-chevron-down\"><\/i><\/span>\n\t\t<\/span>\n\n\t\t\t\t\t\t<\/summary>\n\t\t\t\t<div role=\"region\" aria-labelledby=\"e-n-accordion-item-1243\" class=\"elementor-element elementor-element-5fb8543 e-con-full e-flex e-con e-child\" data-id=\"5fb8543\" data-element_type=\"container\" data-e-type=\"container\" data-settings=\"{&quot;jet_parallax_layout_list&quot;:[]}\">\n\t\t\t\t<div class=\"elementor-element elementor-element-654ab74 elementor-widget elementor-widget-text-editor\" data-id=\"654ab74\" data-element_type=\"widget\" data-e-type=\"widget\" data-widget_type=\"text-editor.default\">\n\t\t\t\t<div class=\"elementor-widget-container\">\n\t\t\t\t\t\t\t\t\t<p>Unser Sorgerechtsmodell beruht auf f\u00fcnf strukturellen S\u00e4ulen:<\/p><ul><li>Unabh\u00e4ngige, hochsichere Speicherung durch Dritte<\/li><li>Zertifizierte Tresorraumtechnologie (CD der Sicherheitsklasse X)<\/li><li>Internationaler Versicherungsschutz f\u00fcr Gro\u00dfrisiken<\/li><li>Dokumentierte Drittstruktur<\/li><li>Milliarden-CZK Versicherungskapazit\u00e4t<\/li><\/ul>\t\t\t\t\t\t\t\t<\/div>\n\t\t\t\t<\/div>\n\t\t\t\t<\/div>\n\t\t\t\t\t<\/details>\n\t\t\t\t\t\t<details id=\"e-n-accordion-item-1244\" class=\"e-n-accordion-item\" >\n\t\t\t\t<summary class=\"e-n-accordion-item-title\" data-accordion-index=\"5\" tabindex=\"-1\" aria-expanded=\"false\" aria-controls=\"e-n-accordion-item-1244\" >\n\t\t\t\t\t<span class='e-n-accordion-item-title-header'><div class=\"e-n-accordion-item-title-text\"> F\u00fcr Vermittler <\/div><\/span>\n\t\t\t\t\t\t\t<span class='e-n-accordion-item-title-icon'>\n\t\t\t<span class='e-opened' ><i aria-hidden=\"true\" class=\"fas fa-chevron-up\"><\/i><\/span>\n\t\t\t<span class='e-closed'><i aria-hidden=\"true\" class=\"fas fa-chevron-down\"><\/i><\/span>\n\t\t<\/span>\n\n\t\t\t\t\t\t<\/summary>\n\t\t\t\t<div role=\"region\" aria-labelledby=\"e-n-accordion-item-1244\" class=\"elementor-element elementor-element-d445f6f e-con-full e-flex e-con e-child\" data-id=\"d445f6f\" data-element_type=\"container\" data-e-type=\"container\" data-settings=\"{&quot;jet_parallax_layout_list&quot;:[]}\">\n\t\t\t\t<div class=\"elementor-element elementor-element-b66dec3 elementor-widget elementor-widget-text-editor\" data-id=\"b66dec3\" data-element_type=\"widget\" data-e-type=\"widget\" data-widget_type=\"text-editor.default\">\n\t\t\t\t<div class=\"elementor-widget-container\">\n\t\t\t\t\t\t\t\t\t<ul><li>Eine klare und technisch \u00fcberpr\u00fcfbare Sicherheitsdarstellung<\/li><li>Glaubw\u00fcrdigkeit der internationalen Versicherung<\/li><li>Institutioneller Rahmen f\u00fcr die Verwahrung<\/li><li>Keine interne Selbstverwahrung durch Flawless<\/li><li>Strukturierte externe Absicherung<\/li><\/ul>\t\t\t\t\t\t\t\t<\/div>\n\t\t\t\t<\/div>\n\t\t\t\t<\/div>\n\t\t\t\t\t<\/details>\n\t\t\t\t\t\t<details id=\"e-n-accordion-item-1245\" class=\"e-n-accordion-item\" >\n\t\t\t\t<summary class=\"e-n-accordion-item-title\" data-accordion-index=\"6\" tabindex=\"-1\" aria-expanded=\"false\" aria-controls=\"e-n-accordion-item-1245\" >\n\t\t\t\t\t<span class='e-n-accordion-item-title-header'><div class=\"e-n-accordion-item-title-text\"> F\u00fcr Kunden <\/div><\/span>\n\t\t\t\t\t\t\t<span class='e-n-accordion-item-title-icon'>\n\t\t\t<span class='e-opened' ><i aria-hidden=\"true\" class=\"fas fa-chevron-up\"><\/i><\/span>\n\t\t\t<span class='e-closed'><i aria-hidden=\"true\" class=\"fas fa-chevron-down\"><\/i><\/span>\n\t\t<\/span>\n\n\t\t\t\t\t\t<\/summary>\n\t\t\t\t<div role=\"region\" aria-labelledby=\"e-n-accordion-item-1245\" class=\"elementor-element elementor-element-f99c258 e-con-full e-flex e-con e-child\" data-id=\"f99c258\" data-element_type=\"container\" data-e-type=\"container\" data-settings=\"{&quot;jet_parallax_layout_list&quot;:[]}\">\n\t\t\t\t<div class=\"elementor-element elementor-element-87224e6 elementor-widget elementor-widget-text-editor\" data-id=\"87224e6\" data-element_type=\"widget\" data-e-type=\"widget\" data-widget_type=\"text-editor.default\">\n\t\t\t\t<div class=\"elementor-widget-container\">\n\t\t\t\t\t\t\t\t\t<ul><li>Eigentum an materiellen Verm\u00f6genswerten<\/li><li>Unabh\u00e4ngige Verwahrung<\/li><li>Sicherheit auf institutioneller Ebene<\/li><li>Internationaler Versicherungsschutz<\/li><\/ul>\t\t\t\t\t\t\t\t<\/div>\n\t\t\t\t<\/div>\n\t\t\t\t<\/div>\n\t\t\t\t\t<\/details>\n\t\t\t\t\t<\/div>\n\t\t\t\t\t\t<\/div>\n\t\t\t\t<\/div>\n\t\t\t\t<\/div>\n\t\t\t\t\t<\/div>\n\t\t\t\t<\/div>\n\t\t<div class=\"elementor-element elementor-element-56c1059 e-con-full e-flex e-con e-parent\" data-id=\"56c1059\" data-element_type=\"container\" data-e-type=\"container\" data-settings=\"{&quot;background_background&quot;:&quot;classic&quot;,&quot;jet_parallax_layout_list&quot;:[]}\">\n\t\t\t\t<div class=\"elementor-element elementor-element-bdfb088 elementor-widget elementor-widget-heading\" data-id=\"bdfb088\" data-element_type=\"widget\" data-e-type=\"widget\" data-widget_type=\"heading.default\">\n\t\t\t\t<div class=\"elementor-widget-container\">\n\t\t\t\t\t<h2 class=\"elementor-heading-title elementor-size-default\">Diskutieren Sie Ihr Asset<br>Schutzstrategie<\/h2>\t\t\t\t<\/div>\n\t\t\t\t<\/div>\n\t\t\t\t<div class=\"elementor-element elementor-element-185dafa elementor-widget__width-initial elementor-widget elementor-widget-text-editor\" data-id=\"185dafa\" data-element_type=\"widget\" data-e-type=\"widget\" data-widget_type=\"text-editor.default\">\n\t\t\t\t<div class=\"elementor-widget-container\">\n\t\t\t\t\t\t\t\t\t<p>Sprechen Sie direkt mit einem <strong>Spezialist f\u00fcr Sicherheit und Versicherung<\/strong> um zu verstehen, wie unsere <strong>unabh\u00e4ngiger \u00dcberwachungsrahmen<\/strong>, <strong>zertifizierte Tresorraum-Infrastruktur<\/strong>, und <strong>Lloyd's-gest\u00fctzter Versicherungsschutz<\/strong> Ihren Erwerb in jeder Phase zu sch\u00fctzen.<\/p>\t\t\t\t\t\t\t\t<\/div>\n\t\t\t\t<\/div>\n\t\t\t\t<div class=\"elementor-element elementor-element-7777352 elementor-align-left elementor-widget__width-initial elementor-hidden-mobile elementor-widget elementor-widget-button\" data-id=\"7777352\" data-element_type=\"widget\" data-e-type=\"widget\" data-widget_type=\"button.default\">\n\t\t\t\t<div class=\"elementor-widget-container\">\n\t\t\t\t\t\t\t\t\t<div class=\"elementor-button-wrapper\">\n\t\t\t\t\t<a class=\"elementor-button elementor-button-link elementor-size-sm\" href=\"https:\/\/www.flawlessgroup.org\/de\/kontakt\/\">\n\t\t\t\t\t\t<span class=\"elementor-button-content-wrapper\">\n\t\t\t\t\t\t<span class=\"elementor-button-icon\">\n\t\t\t\t<i aria-hidden=\"true\" class=\"fas fa-chevron-right\"><\/i>\t\t\t<\/span>\n\t\t\t\t\t\t\t\t\t<span class=\"elementor-button-text\">Kontakt zu einem Experten<\/span>\n\t\t\t\t\t<\/span>\n\t\t\t\t\t<\/a>\n\t\t\t\t<\/div>\n\t\t\t\t\t\t\t\t<\/div>\n\t\t\t\t<\/div>\n\t\t\t\t<\/div>\n\t\t\t\t<\/div>","protected":false},"excerpt":{"rendered":"<p>High-SecurityStorage &amp; Insurance Independent Institutional-Grade Storage All gemstones acquired through\u00a0Flawless\u00a0are intentionally not stored internally. Instead, they are held with a specialized, independent high-security provider in Prague. Storage is carried out via 24SAFE\u00a0in cooperation with\u00a0Gunnebo, a globally recognized security company founded in 1764 and developer of the world\u2019s largest automated safe deposit box system. The facility [&hellip;]<\/p>\n","protected":false},"author":1,"featured_media":0,"parent":0,"menu_order":0,"comment_status":"closed","ping_status":"closed","template":"","meta":{"footnotes":""},"class_list":["post-4221","page","type-page","status-publish","hentry"],"_links":{"self":[{"href":"https:\/\/www.flawlessgroup.org\/de\/wp-json\/wp\/v2\/pages\/4221","targetHints":{"allow":["GET"]}}],"collection":[{"href":"https:\/\/www.flawlessgroup.org\/de\/wp-json\/wp\/v2\/pages"}],"about":[{"href":"https:\/\/www.flawlessgroup.org\/de\/wp-json\/wp\/v2\/types\/page"}],"author":[{"embeddable":true,"href":"https:\/\/www.flawlessgroup.org\/de\/wp-json\/wp\/v2\/users\/1"}],"replies":[{"embeddable":true,"href":"https:\/\/www.flawlessgroup.org\/de\/wp-json\/wp\/v2\/comments?post=4221"}],"version-history":[{"count":82,"href":"https:\/\/www.flawlessgroup.org\/de\/wp-json\/wp\/v2\/pages\/4221\/revisions"}],"predecessor-version":[{"id":4341,"href":"https:\/\/www.flawlessgroup.org\/de\/wp-json\/wp\/v2\/pages\/4221\/revisions\/4341"}],"wp:attachment":[{"href":"https:\/\/www.flawlessgroup.org\/de\/wp-json\/wp\/v2\/media?parent=4221"}],"curies":[{"name":"wp","href":"https:\/\/api.w.org\/{rel}","templated":true}]}}